{"id":50305,"date":"2025-10-03T09:30:43","date_gmt":"2025-10-03T09:30:43","guid":{"rendered":"https:\/\/villmark.tech\/kontakt\/"},"modified":"2026-01-21T11:58:06","modified_gmt":"2026-01-21T11:58:06","slug":"kontakt","status":"publish","type":"page","link":"https:\/\/villmark.tech\/sv\/kontakt\/","title":{"rendered":"Kontakt"},"content":{"rendered":"\t\t<div data-elementor-type=\"wp-page\" data-elementor-id=\"50305\" class=\"elementor elementor-50305 elementor-49677\" data-elementor-post-type=\"page\">\n\t\t\t\t\t\t<section class=\"elementor-section elementor-top-section elementor-element elementor-element-08a1155 elementor-section-boxed elementor-section-height-default elementor-section-height-default\" data-id=\"08a1155\" data-element_type=\"section\" data-e-type=\"section\">\n\t\t\t\t\t\t<div class=\"elementor-container elementor-column-gap-default\">\n\t\t\t\t\t<div class=\"elementor-column elementor-col-50 elementor-top-column elementor-element elementor-element-09cf736\" data-id=\"09cf736\" data-element_type=\"column\" data-e-type=\"column\">\n\t\t\t<div class=\"elementor-widget-wrap elementor-element-populated\">\n\t\t\t\t\t\t<div class=\"elementor-element elementor-element-da1525a elementor-widget__width-initial elementor-widget-tablet_extra__width-initial elementor-widget elementor-widget-heading\" data-id=\"da1525a\" data-element_type=\"widget\" data-e-type=\"widget\" data-widget_type=\"heading.default\">\n\t\t\t\t<div class=\"elementor-widget-container\">\n\t\t\t\t\t<h2 class=\"elementor-heading-title elementor-size-default\">Vill du veta mer? Vi tar ett snack<\/h2>\t\t\t\t<\/div>\n\t\t\t\t<\/div>\n\t\t\t\t<div class=\"elementor-element elementor-element-07bded4 elementor-widget elementor-widget-heading\" data-id=\"07bded4\" data-element_type=\"widget\" data-e-type=\"widget\" data-widget_type=\"heading.default\">\n\t\t\t\t<div class=\"elementor-widget-container\">\n\t\t\t\t\t<p class=\"elementor-heading-title elementor-size-default\">Oavsett om du letar efter en teknologipartner, vill ha en \ndemonstration av v\u00e5ra plattformar eller bara \u00e4r nyfiken p\u00e5 hur vi jobbar \u2013 vi h\u00f6r g\u00e4rna fr\u00e5n dig.<\/p>\t\t\t\t<\/div>\n\t\t\t\t<\/div>\n\t\t\t\t<div class=\"elementor-element elementor-element-210359e elementor-widescreen-align-left elementor-widget elementor-widget-button\" data-id=\"210359e\" data-element_type=\"widget\" data-e-type=\"widget\" data-widget_type=\"button.default\">\n\t\t\t\t<div class=\"elementor-widget-container\">\n\t\t\t\t\t\t\t\t\t<div class=\"elementor-button-wrapper\">\n\t\t\t\t\t<a class=\"elementor-button elementor-button-link elementor-size-sm\" href=\"#utforsk\">\n\t\t\t\t\t\t<span class=\"elementor-button-content-wrapper\">\n\t\t\t\t\t\t\t\t\t<span class=\"elementor-button-text\">Skicka meddelande<\/span>\n\t\t\t\t\t<\/span>\n\t\t\t\t\t<\/a>\n\t\t\t\t<\/div>\n\t\t\t\t\t\t\t\t<\/div>\n\t\t\t\t<\/div>\n\t\t\t\t\t<\/div>\n\t\t<\/div>\n\t\t\t\t<div class=\"elementor-column elementor-col-50 elementor-top-column elementor-element elementor-element-b61244d\" data-id=\"b61244d\" data-element_type=\"column\" data-e-type=\"column\">\n\t\t\t<div class=\"elementor-widget-wrap elementor-element-populated\">\n\t\t\t\t\t\t<div class=\"elementor-element elementor-element-660670f elementor-widget elementor-widget-image\" data-id=\"660670f\" data-element_type=\"widget\" data-e-type=\"widget\" data-widget_type=\"image.default\">\n\t\t\t\t<div class=\"elementor-widget-container\">\n\t\t\t\t\t\t\t\t\t\t\t\t\t\t\t<img fetchpriority=\"high\" decoding=\"async\" width=\"750\" height=\"750\" src=\"https:\/\/villmark.tech\/wp-content\/uploads\/2025\/10\/Screenshot_4.jpg\" class=\"attachment-large size-large wp-image-50023\" alt=\"\" srcset=\"https:\/\/villmark.tech\/wp-content\/uploads\/2025\/10\/Screenshot_4.jpg 750w, https:\/\/villmark.tech\/wp-content\/uploads\/2025\/10\/Screenshot_4-300x300.jpg 300w, https:\/\/villmark.tech\/wp-content\/uploads\/2025\/10\/Screenshot_4-150x150.jpg 150w\" sizes=\"(max-width: 750px) 100vw, 750px\" \/>\t\t\t\t\t\t\t\t\t\t\t\t\t\t\t<\/div>\n\t\t\t\t<\/div>\n\t\t\t\t\t<\/div>\n\t\t<\/div>\n\t\t\t\t\t<\/div>\n\t\t<\/section>\n\t\t\t\t<section class=\"elementor-section elementor-top-section elementor-element elementor-element-078efbf elementor-section-boxed elementor-section-height-default elementor-section-height-default\" data-id=\"078efbf\" data-element_type=\"section\" data-e-type=\"section\" id=\"utforsk\">\n\t\t\t\t\t\t<div class=\"elementor-container elementor-column-gap-default\">\n\t\t\t\t\t<div class=\"elementor-column elementor-col-50 elementor-top-column elementor-element elementor-element-bdf5bc5\" data-id=\"bdf5bc5\" data-element_type=\"column\" data-e-type=\"column\">\n\t\t\t<div class=\"elementor-widget-wrap elementor-element-populated\">\n\t\t\t\t\t\t<div class=\"elementor-element elementor-element-bcf80ab elementor-widget elementor-widget-heading\" data-id=\"bcf80ab\" data-element_type=\"widget\" data-e-type=\"widget\" data-widget_type=\"heading.default\">\n\t\t\t\t<div class=\"elementor-widget-container\">\n\t\t\t\t\t<h2 class=\"elementor-heading-title elementor-size-default\">Kontaktinformation<\/h2>\t\t\t\t<\/div>\n\t\t\t\t<\/div>\n\t\t\t\t<div class=\"elementor-element elementor-element-101681d elementor-icon-list--layout-traditional elementor-list-item-link-full_width elementor-widget elementor-widget-icon-list\" data-id=\"101681d\" data-element_type=\"widget\" data-e-type=\"widget\" data-widget_type=\"icon-list.default\">\n\t\t\t\t<div class=\"elementor-widget-container\">\n\t\t\t\t\t\t\t<ul class=\"elementor-icon-list-items\">\n\t\t\t\t\t\t\t<li class=\"elementor-icon-list-item\">\n\t\t\t\t\t\t\t\t\t\t\t<span class=\"elementor-icon-list-icon\">\n\t\t\t\t\t\t\t<i aria-hidden=\"true\" class=\"fas fa-at\"><\/i>\t\t\t\t\t\t<\/span>\n\t\t\t\t\t\t\t\t\t\t<span class=\"elementor-icon-list-text\"><strong>Skicka e-post till oss:<\/strong> job@villmark.tech<\/span>\n\t\t\t\t\t\t\t\t\t<\/li>\n\t\t\t\t\t\t\t\t<li class=\"elementor-icon-list-item\">\n\t\t\t\t\t\t\t\t\t\t\t<span class=\"elementor-icon-list-icon\">\n\t\t\t\t\t\t\t<i aria-hidden=\"true\" class=\"fas fa-phone-alt\"><\/i>\t\t\t\t\t\t<\/span>\n\t\t\t\t\t\t\t\t\t\t<span class=\"elementor-icon-list-text\"><strong>Ring oss:<\/strong> +47 901 35 790<\/span>\n\t\t\t\t\t\t\t\t\t<\/li>\n\t\t\t\t\t\t\t\t<li class=\"elementor-icon-list-item\">\n\t\t\t\t\t\t\t\t\t\t\t<span class=\"elementor-icon-list-icon\">\n\t\t\t\t\t\t\t<i aria-hidden=\"true\" class=\"fas fa-map-marker-alt\"><\/i>\t\t\t\t\t\t<\/span>\n\t\t\t\t\t\t\t\t\t\t<span class=\"elementor-icon-list-text\"><strong>Bes\u00f6ksadress:<\/strong> Villmark Engineering -Torget 7A 3570 \u00c5l<\/span>\n\t\t\t\t\t\t\t\t\t<\/li>\n\t\t\t\t\t\t<\/ul>\n\t\t\t\t\t\t<\/div>\n\t\t\t\t<\/div>\n\t\t\t\t\t<\/div>\n\t\t<\/div>\n\t\t\t\t<div class=\"elementor-column elementor-col-50 elementor-top-column elementor-element elementor-element-f325dc7\" data-id=\"f325dc7\" data-element_type=\"column\" data-e-type=\"column\">\n\t\t\t<div class=\"elementor-widget-wrap elementor-element-populated\">\n\t\t\t\t\t\t<div class=\"elementor-element elementor-element-36f0829 elementor-widget elementor-widget-heading\" data-id=\"36f0829\" data-element_type=\"widget\" data-e-type=\"widget\" data-widget_type=\"heading.default\">\n\t\t\t\t<div class=\"elementor-widget-container\">\n\t\t\t\t\t<h2 class=\"elementor-heading-title elementor-size-default\">Skicka ett meddelande till oss<\/h2>\t\t\t\t<\/div>\n\t\t\t\t<\/div>\n\t\t\t\t<div class=\"elementor-element elementor-element-16f325b elementor-button-align-stretch elementor-widget elementor-widget-form\" data-id=\"16f325b\" data-element_type=\"widget\" data-e-type=\"widget\" data-settings=\"{&quot;step_next_label&quot;:&quot;N\\u00e4sta&quot;,&quot;step_previous_label&quot;:&quot;F\\u00f6reg\\u00e5ende&quot;,&quot;button_width&quot;:&quot;100&quot;,&quot;step_type&quot;:&quot;number_text&quot;,&quot;step_icon_shape&quot;:&quot;circle&quot;}\" data-widget_type=\"form.default\">\n\t\t\t\t<div class=\"elementor-widget-container\">\n\t\t\t\t\t\t\t<form class=\"elementor-form\" method=\"post\" name=\"Nytt formul\u00e4r\" aria-label=\"Nytt formul\u00e4r\">\n\t\t\t<input type=\"hidden\" name=\"post_id\" value=\"50305\"\/>\n\t\t\t<input type=\"hidden\" name=\"form_id\" value=\"16f325b\"\/>\n\t\t\t<input type=\"hidden\" name=\"referer_title\" value=\"Kontakt - Villmark Tech\" \/>\n\n\t\t\t\t\t\t\t<input type=\"hidden\" name=\"queried_id\" value=\"50305\"\/>\n\t\t\t\n\t\t\t<div class=\"elementor-form-fields-wrapper elementor-labels-above\">\n\t\t\t\t\t\t\t\t<div class=\"elementor-field-type-text elementor-field-group elementor-column elementor-field-group-name elementor-col-100\">\n\t\t\t\t\t\t\t\t\t\t\t\t\t<input size=\"1\" type=\"text\" name=\"form_fields[name]\" id=\"form-field-name\" class=\"elementor-field elementor-size-sm  elementor-field-textual\" placeholder=\"Fullst\u00e4ndigt namn\">\n\t\t\t\t\t\t\t\t\t\t\t<\/div>\n\t\t\t\t\t\t\t\t<div class=\"elementor-field-type-email elementor-field-group elementor-column elementor-field-group-email elementor-col-100 elementor-field-required\">\n\t\t\t\t\t\t\t\t\t\t\t\t\t<input size=\"1\" type=\"email\" name=\"form_fields[email]\" id=\"form-field-email\" class=\"elementor-field elementor-size-sm  elementor-field-textual\" placeholder=\"E-post\" required=\"required\">\n\t\t\t\t\t\t\t\t\t\t\t<\/div>\n\t\t\t\t\t\t\t\t<div class=\"elementor-field-type-text elementor-field-group elementor-column elementor-field-group-field_3e3cb92 elementor-col-100\">\n\t\t\t\t\t\t\t\t\t\t\t\t\t<input size=\"1\" type=\"text\" name=\"form_fields[field_3e3cb92]\" id=\"form-field-field_3e3cb92\" class=\"elementor-field elementor-size-sm  elementor-field-textual\" placeholder=\"Telefon\">\n\t\t\t\t\t\t\t\t\t\t\t<\/div>\n\t\t\t\t\t\t\t\t<div class=\"elementor-field-type-textarea elementor-field-group elementor-column elementor-field-group-message elementor-col-100\">\n\t\t\t\t\t<textarea class=\"elementor-field-textual elementor-field  elementor-size-sm\" name=\"form_fields[message]\" id=\"form-field-message\" rows=\"4\" placeholder=\"Skriv meddelande\"><\/textarea>\t\t\t\t<\/div>\n\t\t\t\t\t\t\t\t<div class=\"elementor-field-type-recaptcha_v3 elementor-field-group elementor-column elementor-field-group-field_3e2756e elementor-col-100 recaptcha_v3-bottomright\">\n\t\t\t\t\t<div class=\"elementor-field\" id=\"form-field-field_3e2756e\"><div class=\"elementor-g-recaptcha\" data-sitekey=\"6LcBKYMpAAAAAF-148jh4thouLWWBXAsiARkLCpS\" data-type=\"v3\" data-action=\"Form\" data-badge=\"bottomright\" data-size=\"invisible\"><\/div><\/div>\t\t\t\t<\/div>\n\t\t\t\t\t\t\t\t<div class=\"elementor-field-group elementor-column elementor-field-type-submit elementor-col-100 e-form__buttons\">\n\t\t\t\t\t<button class=\"elementor-button elementor-size-sm\" type=\"submit\">\n\t\t\t\t\t\t<span class=\"elementor-button-content-wrapper\">\n\t\t\t\t\t\t\t\t\t\t\t\t\t\t\t\t\t\t\t\t\t\t<span class=\"elementor-button-text\">Skicka meddelande<\/span>\n\t\t\t\t\t\t\t\t\t\t\t\t\t<\/span>\n\t\t\t\t\t<\/button>\n\t\t\t\t<\/div>\n\t\t\t<\/div>\n\t\t<\/form>\n\t\t\t\t\t\t<\/div>\n\t\t\t\t<\/div>\n\t\t\t\t\t<\/div>\n\t\t<\/div>\n\t\t\t\t\t<\/div>\n\t\t<\/section>\n\t\t\t\t<\/div>\n\t\t","protected":false},"excerpt":{"rendered":"<p>Vill du veta mer? Vi tar ett snack Oavsett om du letar efter en teknologipartner, vill ha en demonstration av v\u00e5ra plattformar eller bara \u00e4r nyfiken p\u00e5 hur vi jobbar \u2013 vi h\u00f6r g\u00e4rna fr\u00e5n dig. Skicka meddelande Kontaktinformation Skicka e-post till oss: job@villmark.tech Ring oss: +47 901 35 790 Bes\u00f6ksadress: Villmark Engineering -Torget 7A [&hellip;]<\/p>\n","protected":false},"author":22,"featured_media":0,"parent":0,"menu_order":0,"comment_status":"closed","ping_status":"closed","template":"","meta":{"inline_featured_image":false,"footnotes":""},"class_list":["post-50305","page","type-page","status-publish","hentry"],"yoast_head":"<!-- This site is optimized with the Yoast SEO plugin v27.5 - https:\/\/yoast.com\/product\/yoast-seo-wordpress\/ -->\n<title>Kontakt - Villmark Tech<\/title>\n<meta name=\"robots\" content=\"index, follow, max-snippet:-1, max-image-preview:large, max-video-preview:-1\" \/>\n<link rel=\"canonical\" href=\"https:\/\/villmark.tech\/sv\/kontakt\/\" \/>\n<meta property=\"og:locale\" content=\"sv_SE\" \/>\n<meta property=\"og:type\" content=\"article\" \/>\n<meta property=\"og:title\" content=\"Kontakt - Villmark Tech\" \/>\n<meta property=\"og:description\" content=\"Vill du veta mer? Vi tar ett snack Oavsett om du letar efter en teknologipartner, vill ha en demonstration av v\u00e5ra plattformar eller bara \u00e4r nyfiken p\u00e5 hur vi jobbar \u2013 vi h\u00f6r g\u00e4rna fr\u00e5n dig. Skicka meddelande Kontaktinformation Skicka e-post till oss: job@villmark.tech Ring oss: +47 901 35 790 Bes\u00f6ksadress: Villmark Engineering -Torget 7A [&hellip;]\" \/>\n<meta property=\"og:url\" content=\"https:\/\/villmark.tech\/sv\/kontakt\/\" \/>\n<meta property=\"og:site_name\" content=\"Villmark Tech\" \/>\n<meta property=\"article:publisher\" content=\"https:\/\/www.facebook.com\/delicia.norge\/\" \/>\n<meta property=\"article:modified_time\" content=\"2026-01-21T11:58:06+00:00\" \/>\n<meta property=\"og:image\" content=\"https:\/\/villmark.tech\/wp-content\/uploads\/2025\/10\/Screenshot_4.jpg\" \/>\n\t<meta property=\"og:image:width\" content=\"750\" \/>\n\t<meta property=\"og:image:height\" content=\"750\" \/>\n\t<meta property=\"og:image:type\" content=\"image\/jpeg\" \/>\n<meta name=\"twitter:card\" content=\"summary_large_image\" \/>\n<meta name=\"twitter:label1\" content=\"Ber\u00e4knad l\u00e4stid\" \/>\n\t<meta name=\"twitter:data1\" content=\"1 minut\" \/>\n<script type=\"application\/ld+json\" class=\"yoast-schema-graph\">{\"@context\":\"https:\\\/\\\/schema.org\",\"@graph\":[{\"@type\":\"WebPage\",\"@id\":\"https:\\\/\\\/villmark.tech\\\/sv\\\/kontakt\\\/\",\"url\":\"https:\\\/\\\/villmark.tech\\\/sv\\\/kontakt\\\/\",\"name\":\"Kontakt - Villmark Tech\",\"isPartOf\":{\"@id\":\"https:\\\/\\\/villmark.tech\\\/sv\\\/#website\"},\"primaryImageOfPage\":{\"@id\":\"https:\\\/\\\/villmark.tech\\\/sv\\\/kontakt\\\/#primaryimage\"},\"image\":{\"@id\":\"https:\\\/\\\/villmark.tech\\\/sv\\\/kontakt\\\/#primaryimage\"},\"thumbnailUrl\":\"https:\\\/\\\/villmark.tech\\\/wp-content\\\/uploads\\\/2025\\\/10\\\/Screenshot_4.jpg\",\"datePublished\":\"2025-10-03T09:30:43+00:00\",\"dateModified\":\"2026-01-21T11:58:06+00:00\",\"breadcrumb\":{\"@id\":\"https:\\\/\\\/villmark.tech\\\/sv\\\/kontakt\\\/#breadcrumb\"},\"inLanguage\":\"sv-SE\",\"potentialAction\":[{\"@type\":\"ReadAction\",\"target\":[\"https:\\\/\\\/villmark.tech\\\/sv\\\/kontakt\\\/\"]}]},{\"@type\":\"ImageObject\",\"inLanguage\":\"sv-SE\",\"@id\":\"https:\\\/\\\/villmark.tech\\\/sv\\\/kontakt\\\/#primaryimage\",\"url\":\"https:\\\/\\\/villmark.tech\\\/wp-content\\\/uploads\\\/2025\\\/10\\\/Screenshot_4.jpg\",\"contentUrl\":\"https:\\\/\\\/villmark.tech\\\/wp-content\\\/uploads\\\/2025\\\/10\\\/Screenshot_4.jpg\"},{\"@type\":\"BreadcrumbList\",\"@id\":\"https:\\\/\\\/villmark.tech\\\/sv\\\/kontakt\\\/#breadcrumb\",\"itemListElement\":[{\"@type\":\"ListItem\",\"position\":1,\"name\":\"Home\",\"item\":\"https:\\\/\\\/villmark.tech\\\/sv\\\/\"},{\"@type\":\"ListItem\",\"position\":2,\"name\":\"Kontakt\"}]},{\"@type\":\"WebSite\",\"@id\":\"https:\\\/\\\/villmark.tech\\\/sv\\\/#website\",\"url\":\"https:\\\/\\\/villmark.tech\\\/sv\\\/\",\"name\":\"Villmark Tech\",\"description\":\"An engineering company\",\"publisher\":{\"@id\":\"https:\\\/\\\/villmark.tech\\\/sv\\\/#organization\"},\"potentialAction\":[{\"@type\":\"SearchAction\",\"target\":{\"@type\":\"EntryPoint\",\"urlTemplate\":\"https:\\\/\\\/villmark.tech\\\/sv\\\/?s={search_term_string}\"},\"query-input\":{\"@type\":\"PropertyValueSpecification\",\"valueRequired\":true,\"valueName\":\"search_term_string\"}}],\"inLanguage\":\"sv-SE\"},{\"@type\":\"Organization\",\"@id\":\"https:\\\/\\\/villmark.tech\\\/sv\\\/#organization\",\"name\":\"Delicia\",\"url\":\"https:\\\/\\\/villmark.tech\\\/sv\\\/\",\"logo\":{\"@type\":\"ImageObject\",\"inLanguage\":\"sv-SE\",\"@id\":\"https:\\\/\\\/villmark.tech\\\/sv\\\/#\\\/schema\\\/logo\\\/image\\\/\",\"url\":\"https:\\\/\\\/villmark.tech\\\/wp-content\\\/uploads\\\/2021\\\/05\\\/Ren-Delicia-Logo-Rosa.png\",\"contentUrl\":\"https:\\\/\\\/villmark.tech\\\/wp-content\\\/uploads\\\/2021\\\/05\\\/Ren-Delicia-Logo-Rosa.png\",\"width\":800,\"height\":395,\"caption\":\"Delicia\"},\"image\":{\"@id\":\"https:\\\/\\\/villmark.tech\\\/sv\\\/#\\\/schema\\\/logo\\\/image\\\/\"},\"sameAs\":[\"https:\\\/\\\/www.facebook.com\\\/delicia.norge\\\/\",\"https:\\\/\\\/www.instagram.com\\\/delicia.norge\\\/\"]}]}<\/script>\n<!-- \/ Yoast SEO plugin. -->","yoast_head_json":{"title":"Kontakt - Villmark Tech","robots":{"index":"index","follow":"follow","max-snippet":"max-snippet:-1","max-image-preview":"max-image-preview:large","max-video-preview":"max-video-preview:-1"},"canonical":"https:\/\/villmark.tech\/sv\/kontakt\/","og_locale":"sv_SE","og_type":"article","og_title":"Kontakt - Villmark Tech","og_description":"Vill du veta mer? Vi tar ett snack Oavsett om du letar efter en teknologipartner, vill ha en demonstration av v\u00e5ra plattformar eller bara \u00e4r nyfiken p\u00e5 hur vi jobbar \u2013 vi h\u00f6r g\u00e4rna fr\u00e5n dig. Skicka meddelande Kontaktinformation Skicka e-post till oss: job@villmark.tech Ring oss: +47 901 35 790 Bes\u00f6ksadress: Villmark Engineering -Torget 7A [&hellip;]","og_url":"https:\/\/villmark.tech\/sv\/kontakt\/","og_site_name":"Villmark Tech","article_publisher":"https:\/\/www.facebook.com\/delicia.norge\/","article_modified_time":"2026-01-21T11:58:06+00:00","og_image":[{"width":750,"height":750,"url":"https:\/\/villmark.tech\/wp-content\/uploads\/2025\/10\/Screenshot_4.jpg","type":"image\/jpeg"}],"twitter_card":"summary_large_image","twitter_misc":{"Ber\u00e4knad l\u00e4stid":"1 minut"},"schema":{"@context":"https:\/\/schema.org","@graph":[{"@type":"WebPage","@id":"https:\/\/villmark.tech\/sv\/kontakt\/","url":"https:\/\/villmark.tech\/sv\/kontakt\/","name":"Kontakt - Villmark Tech","isPartOf":{"@id":"https:\/\/villmark.tech\/sv\/#website"},"primaryImageOfPage":{"@id":"https:\/\/villmark.tech\/sv\/kontakt\/#primaryimage"},"image":{"@id":"https:\/\/villmark.tech\/sv\/kontakt\/#primaryimage"},"thumbnailUrl":"https:\/\/villmark.tech\/wp-content\/uploads\/2025\/10\/Screenshot_4.jpg","datePublished":"2025-10-03T09:30:43+00:00","dateModified":"2026-01-21T11:58:06+00:00","breadcrumb":{"@id":"https:\/\/villmark.tech\/sv\/kontakt\/#breadcrumb"},"inLanguage":"sv-SE","potentialAction":[{"@type":"ReadAction","target":["https:\/\/villmark.tech\/sv\/kontakt\/"]}]},{"@type":"ImageObject","inLanguage":"sv-SE","@id":"https:\/\/villmark.tech\/sv\/kontakt\/#primaryimage","url":"https:\/\/villmark.tech\/wp-content\/uploads\/2025\/10\/Screenshot_4.jpg","contentUrl":"https:\/\/villmark.tech\/wp-content\/uploads\/2025\/10\/Screenshot_4.jpg"},{"@type":"BreadcrumbList","@id":"https:\/\/villmark.tech\/sv\/kontakt\/#breadcrumb","itemListElement":[{"@type":"ListItem","position":1,"name":"Home","item":"https:\/\/villmark.tech\/sv\/"},{"@type":"ListItem","position":2,"name":"Kontakt"}]},{"@type":"WebSite","@id":"https:\/\/villmark.tech\/sv\/#website","url":"https:\/\/villmark.tech\/sv\/","name":"Villmark Tech","description":"An engineering company","publisher":{"@id":"https:\/\/villmark.tech\/sv\/#organization"},"potentialAction":[{"@type":"SearchAction","target":{"@type":"EntryPoint","urlTemplate":"https:\/\/villmark.tech\/sv\/?s={search_term_string}"},"query-input":{"@type":"PropertyValueSpecification","valueRequired":true,"valueName":"search_term_string"}}],"inLanguage":"sv-SE"},{"@type":"Organization","@id":"https:\/\/villmark.tech\/sv\/#organization","name":"Delicia","url":"https:\/\/villmark.tech\/sv\/","logo":{"@type":"ImageObject","inLanguage":"sv-SE","@id":"https:\/\/villmark.tech\/sv\/#\/schema\/logo\/image\/","url":"https:\/\/villmark.tech\/wp-content\/uploads\/2021\/05\/Ren-Delicia-Logo-Rosa.png","contentUrl":"https:\/\/villmark.tech\/wp-content\/uploads\/2021\/05\/Ren-Delicia-Logo-Rosa.png","width":800,"height":395,"caption":"Delicia"},"image":{"@id":"https:\/\/villmark.tech\/sv\/#\/schema\/logo\/image\/"},"sameAs":["https:\/\/www.facebook.com\/delicia.norge\/","https:\/\/www.instagram.com\/delicia.norge\/"]}]}},"_links":{"self":[{"href":"https:\/\/villmark.tech\/sv\/wp-json\/wp\/v2\/pages\/50305","targetHints":{"allow":["GET"]}}],"collection":[{"href":"https:\/\/villmark.tech\/sv\/wp-json\/wp\/v2\/pages"}],"about":[{"href":"https:\/\/villmark.tech\/sv\/wp-json\/wp\/v2\/types\/page"}],"author":[{"embeddable":true,"href":"https:\/\/villmark.tech\/sv\/wp-json\/wp\/v2\/users\/22"}],"replies":[{"embeddable":true,"href":"https:\/\/villmark.tech\/sv\/wp-json\/wp\/v2\/comments?post=50305"}],"version-history":[{"count":13,"href":"https:\/\/villmark.tech\/sv\/wp-json\/wp\/v2\/pages\/50305\/revisions"}],"predecessor-version":[{"id":50753,"href":"https:\/\/villmark.tech\/sv\/wp-json\/wp\/v2\/pages\/50305\/revisions\/50753"}],"wp:attachment":[{"href":"https:\/\/villmark.tech\/sv\/wp-json\/wp\/v2\/media?parent=50305"}],"curies":[{"name":"wp","href":"https:\/\/api.w.org\/{rel}","templated":true}]}}