{"id":50353,"date":"2025-10-06T20:24:17","date_gmt":"2025-10-06T20:24:17","guid":{"rendered":"https:\/\/villmark.tech\/nyheter\/"},"modified":"2025-11-10T12:12:37","modified_gmt":"2025-11-10T12:12:37","slug":"nyheter","status":"publish","type":"page","link":"https:\/\/villmark.tech\/sv\/nyheter\/","title":{"rendered":"Nyheter"},"content":{"rendered":"\t\t<div data-elementor-type=\"wp-page\" data-elementor-id=\"50353\" class=\"elementor elementor-50353 elementor-49862\" data-elementor-post-type=\"page\">\n\t\t\t\t\t\t<section class=\"elementor-section elementor-top-section elementor-element elementor-element-08a1155 elementor-section-boxed elementor-section-height-default elementor-section-height-default\" data-id=\"08a1155\" data-element_type=\"section\" data-e-type=\"section\">\n\t\t\t\t\t\t<div class=\"elementor-container elementor-column-gap-default\">\n\t\t\t\t\t<div class=\"elementor-column elementor-col-50 elementor-top-column elementor-element elementor-element-09cf736\" data-id=\"09cf736\" data-element_type=\"column\" data-e-type=\"column\">\n\t\t\t<div class=\"elementor-widget-wrap elementor-element-populated\">\n\t\t\t\t\t\t<div class=\"elementor-element elementor-element-da1525a elementor-widget__width-initial elementor-widget-tablet_extra__width-initial elementor-widget elementor-widget-heading\" data-id=\"da1525a\" data-element_type=\"widget\" data-e-type=\"widget\" data-widget_type=\"heading.default\">\n\t\t\t\t<div class=\"elementor-widget-container\">\n\t\t\t\t\t<h2 class=\"elementor-heading-title elementor-size-default\">Senaste nytt fr\u00e5n Villmark Engineering<\/h2>\t\t\t\t<\/div>\n\t\t\t\t<\/div>\n\t\t\t\t<div class=\"elementor-element elementor-element-07bded4 elementor-widget elementor-widget-heading\" data-id=\"07bded4\" data-element_type=\"widget\" data-e-type=\"widget\" data-widget_type=\"heading.default\">\n\t\t\t\t<div class=\"elementor-widget-container\">\n\t\t\t\t\t<p class=\"elementor-heading-title elementor-size-default\">H\u00e5ll dig uppdaterad med det senaste fr\u00e5n Villmark Engineering med \nkundber\u00e4ttelser, branschnyheter och interna uppdateringar.<\/p>\t\t\t\t<\/div>\n\t\t\t\t<\/div>\n\t\t\t\t<div class=\"elementor-element elementor-element-210359e elementor-widescreen-align-left elementor-widget elementor-widget-button\" data-id=\"210359e\" data-element_type=\"widget\" data-e-type=\"widget\" data-widget_type=\"button.default\">\n\t\t\t\t<div class=\"elementor-widget-container\">\n\t\t\t\t\t\t\t\t\t<div class=\"elementor-button-wrapper\">\n\t\t\t\t\t<a class=\"elementor-button elementor-button-link elementor-size-sm\" href=\"#artikler\">\n\t\t\t\t\t\t<span class=\"elementor-button-content-wrapper\">\n\t\t\t\t\t\t\t\t\t<span class=\"elementor-button-text\">Se senaste nytt<\/span>\n\t\t\t\t\t<\/span>\n\t\t\t\t\t<\/a>\n\t\t\t\t<\/div>\n\t\t\t\t\t\t\t\t<\/div>\n\t\t\t\t<\/div>\n\t\t\t\t\t<\/div>\n\t\t<\/div>\n\t\t\t\t<div class=\"elementor-column elementor-col-50 elementor-top-column elementor-element elementor-element-b61244d\" data-id=\"b61244d\" data-element_type=\"column\" data-e-type=\"column\">\n\t\t\t<div class=\"elementor-widget-wrap elementor-element-populated\">\n\t\t\t\t\t\t<div class=\"elementor-element elementor-element-660670f elementor-widget elementor-widget-image\" data-id=\"660670f\" data-element_type=\"widget\" data-e-type=\"widget\" data-widget_type=\"image.default\">\n\t\t\t\t<div class=\"elementor-widget-container\">\n\t\t\t\t\t\t\t\t\t\t\t\t\t\t\t<img fetchpriority=\"high\" decoding=\"async\" width=\"600\" height=\"600\" src=\"https:\/\/villmark.tech\/wp-content\/uploads\/2025\/11\/Screenshot_1.jpg\" class=\"attachment-large size-large wp-image-50598\" alt=\"\" srcset=\"https:\/\/villmark.tech\/wp-content\/uploads\/2025\/11\/Screenshot_1.jpg 600w, https:\/\/villmark.tech\/wp-content\/uploads\/2025\/11\/Screenshot_1-300x300.jpg 300w, https:\/\/villmark.tech\/wp-content\/uploads\/2025\/11\/Screenshot_1-150x150.jpg 150w\" sizes=\"(max-width: 600px) 100vw, 600px\" \/>\t\t\t\t\t\t\t\t\t\t\t\t\t\t\t<\/div>\n\t\t\t\t<\/div>\n\t\t\t\t\t<\/div>\n\t\t<\/div>\n\t\t\t\t\t<\/div>\n\t\t<\/section>\n\t\t\t\t<section class=\"elementor-section elementor-top-section elementor-element elementor-element-ca85f8a elementor-section-boxed elementor-section-height-default elementor-section-height-default\" data-id=\"ca85f8a\" data-element_type=\"section\" data-e-type=\"section\" id=\"artikler\">\n\t\t\t\t\t\t<div class=\"elementor-container elementor-column-gap-default\">\n\t\t\t\t\t<div class=\"elementor-column elementor-col-100 elementor-top-column elementor-element elementor-element-f475f3d\" data-id=\"f475f3d\" data-element_type=\"column\" data-e-type=\"column\">\n\t\t\t<div class=\"elementor-widget-wrap elementor-element-populated\">\n\t\t\t\t\t\t<div class=\"elementor-element elementor-element-ed4bdfa elementor-grid-3 elementor-grid-tablet-2 elementor-grid-mobile-1 elementor-posts--thumbnail-top elementor-widget elementor-widget-posts\" data-id=\"ed4bdfa\" data-element_type=\"widget\" data-e-type=\"widget\" data-settings=\"{&quot;classic_columns&quot;:&quot;3&quot;,&quot;classic_columns_tablet&quot;:&quot;2&quot;,&quot;classic_columns_mobile&quot;:&quot;1&quot;,&quot;classic_row_gap&quot;:{&quot;unit&quot;:&quot;px&quot;,&quot;size&quot;:35,&quot;sizes&quot;:[]},&quot;classic_row_gap_widescreen&quot;:{&quot;unit&quot;:&quot;px&quot;,&quot;size&quot;:&quot;&quot;,&quot;sizes&quot;:[]},&quot;classic_row_gap_laptop&quot;:{&quot;unit&quot;:&quot;px&quot;,&quot;size&quot;:&quot;&quot;,&quot;sizes&quot;:[]},&quot;classic_row_gap_tablet_extra&quot;:{&quot;unit&quot;:&quot;px&quot;,&quot;size&quot;:&quot;&quot;,&quot;sizes&quot;:[]},&quot;classic_row_gap_tablet&quot;:{&quot;unit&quot;:&quot;px&quot;,&quot;size&quot;:&quot;&quot;,&quot;sizes&quot;:[]},&quot;classic_row_gap_mobile_extra&quot;:{&quot;unit&quot;:&quot;px&quot;,&quot;size&quot;:&quot;&quot;,&quot;sizes&quot;:[]},&quot;classic_row_gap_mobile&quot;:{&quot;unit&quot;:&quot;px&quot;,&quot;size&quot;:&quot;&quot;,&quot;sizes&quot;:[]}}\" data-widget_type=\"posts.classic\">\n\t\t\t\t<div class=\"elementor-widget-container\">\n\t\t\t\t\t\t\t<div class=\"elementor-posts-container elementor-posts elementor-posts--skin-classic elementor-grid\" role=\"list\">\n\t\t\t\t<article class=\"elementor-post elementor-grid-item post-50428 post type-post status-publish format-standard has-post-thumbnail hentry category-okategoriserad\" role=\"listitem\">\n\t\t\t\t<a class=\"elementor-post__thumbnail__link\" href=\"https:\/\/villmark.tech\/sv\/villmark-radgiver-bodo-glimt-vid-byggandet-av-arctic-arena\/\" tabindex=\"-1\" >\n\t\t\t<div class=\"elementor-post__thumbnail\"><img decoding=\"async\" width=\"300\" height=\"200\" src=\"https:\/\/villmark.tech\/wp-content\/uploads\/2025\/11\/Screenshot-2025-08-04-at-07.11.24-AM-300x200.png\" class=\"attachment-medium size-medium wp-image-50427\" alt=\"\" srcset=\"https:\/\/villmark.tech\/wp-content\/uploads\/2025\/11\/Screenshot-2025-08-04-at-07.11.24-AM-300x200.png 300w, https:\/\/villmark.tech\/wp-content\/uploads\/2025\/11\/Screenshot-2025-08-04-at-07.11.24-AM-768x512.png 768w, https:\/\/villmark.tech\/wp-content\/uploads\/2025\/11\/Screenshot-2025-08-04-at-07.11.24-AM.png 860w\" sizes=\"(max-width: 300px) 100vw, 300px\" \/><\/div>\n\t\t<\/a>\n\t\t\t\t<div class=\"elementor-post__text\">\n\t\t\t\t<h3 class=\"elementor-post__title\">\n\t\t\t<a href=\"https:\/\/villmark.tech\/sv\/villmark-radgiver-bodo-glimt-vid-byggandet-av-arctic-arena\/\" >\n\t\t\t\tVillmark r\u00e5dgiver Bod\u00f8\/Glimt vid byggandet av Arctic Arena\t\t\t<\/a>\n\t\t<\/h3>\n\t\t\n\t\t<a class=\"elementor-post__read-more\" href=\"https:\/\/villmark.tech\/sv\/villmark-radgiver-bodo-glimt-vid-byggandet-av-arctic-arena\/\" aria-label=\"L\u00e4s mer om Villmark r\u00e5dgiver Bod\u00f8\/Glimt vid byggandet av Arctic Arena\" tabindex=\"-1\" >\n\t\t\tL\u00c4S MER\t\t<\/a>\n\n\t\t\t\t<\/div>\n\t\t\t\t<\/article>\n\t\t\t\t<article class=\"elementor-post elementor-grid-item post-50426 post type-post status-publish format-standard has-post-thumbnail hentry category-okategoriserad\" role=\"listitem\">\n\t\t\t\t<a class=\"elementor-post__thumbnail__link\" href=\"https:\/\/villmark.tech\/sv\/villmark-bygger-teknisk-plattform-for-svensk-elitfotboll\/\" tabindex=\"-1\" >\n\t\t\t<div class=\"elementor-post__thumbnail\"><img decoding=\"async\" width=\"300\" height=\"225\" src=\"https:\/\/villmark.tech\/wp-content\/uploads\/2025\/11\/IMG_1100-300x225.jpg\" class=\"attachment-medium size-medium wp-image-50425\" alt=\"\" srcset=\"https:\/\/villmark.tech\/wp-content\/uploads\/2025\/11\/IMG_1100-300x225.jpg 300w, https:\/\/villmark.tech\/wp-content\/uploads\/2025\/11\/IMG_1100-1024x768.jpg 1024w, https:\/\/villmark.tech\/wp-content\/uploads\/2025\/11\/IMG_1100-768x576.jpg 768w, https:\/\/villmark.tech\/wp-content\/uploads\/2025\/11\/IMG_1100-1536x1152.jpg 1536w, https:\/\/villmark.tech\/wp-content\/uploads\/2025\/11\/IMG_1100.jpg 1920w\" sizes=\"(max-width: 300px) 100vw, 300px\" \/><\/div>\n\t\t<\/a>\n\t\t\t\t<div class=\"elementor-post__text\">\n\t\t\t\t<h3 class=\"elementor-post__title\">\n\t\t\t<a href=\"https:\/\/villmark.tech\/sv\/villmark-bygger-teknisk-plattform-for-svensk-elitfotboll\/\" >\n\t\t\t\tVillmark bygger teknisk plattform f\u00f6r Svensk Elitfotboll\t\t\t<\/a>\n\t\t<\/h3>\n\t\t\n\t\t<a class=\"elementor-post__read-more\" href=\"https:\/\/villmark.tech\/sv\/villmark-bygger-teknisk-plattform-for-svensk-elitfotboll\/\" aria-label=\"L\u00e4s mer om Villmark bygger teknisk plattform f\u00f6r Svensk Elitfotboll\" tabindex=\"-1\" >\n\t\t\tL\u00c4S MER\t\t<\/a>\n\n\t\t\t\t<\/div>\n\t\t\t\t<\/article>\n\t\t\t\t<article class=\"elementor-post elementor-grid-item post-50424 post type-post status-publish format-standard has-post-thumbnail hentry category-okategoriserad\" role=\"listitem\">\n\t\t\t\t<a class=\"elementor-post__thumbnail__link\" href=\"https:\/\/villmark.tech\/sv\/utveckling-av-arenateknologi\/\" tabindex=\"-1\" >\n\t\t\t<div class=\"elementor-post__thumbnail\"><img loading=\"lazy\" decoding=\"async\" width=\"300\" height=\"203\" src=\"https:\/\/villmark.tech\/wp-content\/uploads\/2025\/11\/DSC-3783-39479112-300x203.jpg\" class=\"attachment-medium size-medium wp-image-50423\" alt=\"\" srcset=\"https:\/\/villmark.tech\/wp-content\/uploads\/2025\/11\/DSC-3783-39479112-300x203.jpg 300w, https:\/\/villmark.tech\/wp-content\/uploads\/2025\/11\/DSC-3783-39479112-1024x691.jpg 1024w, https:\/\/villmark.tech\/wp-content\/uploads\/2025\/11\/DSC-3783-39479112-768x518.jpg 768w, https:\/\/villmark.tech\/wp-content\/uploads\/2025\/11\/DSC-3783-39479112-1536x1037.jpg 1536w, https:\/\/villmark.tech\/wp-content\/uploads\/2025\/11\/DSC-3783-39479112.jpg 1920w\" sizes=\"(max-width: 300px) 100vw, 300px\" \/><\/div>\n\t\t<\/a>\n\t\t\t\t<div class=\"elementor-post__text\">\n\t\t\t\t<h3 class=\"elementor-post__title\">\n\t\t\t<a href=\"https:\/\/villmark.tech\/sv\/utveckling-av-arenateknologi\/\" >\n\t\t\t\tUtveckling av arenateknologi\t\t\t<\/a>\n\t\t<\/h3>\n\t\t\n\t\t<a class=\"elementor-post__read-more\" href=\"https:\/\/villmark.tech\/sv\/utveckling-av-arenateknologi\/\" aria-label=\"L\u00e4s mer om Utveckling av arenateknologi\" tabindex=\"-1\" >\n\t\t\tL\u00c4S MER\t\t<\/a>\n\n\t\t\t\t<\/div>\n\t\t\t\t<\/article>\n\t\t\t\t<\/div>\n\t\t\n\t\t\t\t\t\t<\/div>\n\t\t\t\t<\/div>\n\t\t\t\t\t<\/div>\n\t\t<\/div>\n\t\t\t\t\t<\/div>\n\t\t<\/section>\n\t\t\t\t<\/div>\n\t\t","protected":false},"excerpt":{"rendered":"<p>Senaste nytt fr\u00e5n Villmark Engineering H\u00e5ll dig uppdaterad med det senaste fr\u00e5n Villmark Engineering med kundber\u00e4ttelser, branschnyheter och interna uppdateringar. Se senaste nytt<\/p>\n","protected":false},"author":22,"featured_media":0,"parent":0,"menu_order":0,"comment_status":"closed","ping_status":"closed","template":"","meta":{"inline_featured_image":false,"footnotes":""},"class_list":["post-50353","page","type-page","status-publish","hentry"],"yoast_head":"<!-- This site is optimized with the Yoast SEO plugin v27.5 - https:\/\/yoast.com\/product\/yoast-seo-wordpress\/ -->\n<title>Nyheter - Villmark Tech<\/title>\n<meta name=\"robots\" content=\"index, follow, max-snippet:-1, max-image-preview:large, max-video-preview:-1\" \/>\n<link rel=\"canonical\" href=\"https:\/\/villmark.tech\/sv\/nyheter\/\" \/>\n<meta property=\"og:locale\" content=\"sv_SE\" \/>\n<meta property=\"og:type\" content=\"article\" \/>\n<meta property=\"og:title\" content=\"Nyheter - Villmark Tech\" \/>\n<meta property=\"og:description\" content=\"Senaste nytt fr\u00e5n Villmark Engineering H\u00e5ll dig uppdaterad med det senaste fr\u00e5n Villmark Engineering med kundber\u00e4ttelser, branschnyheter och interna uppdateringar. Se senaste nytt\" \/>\n<meta property=\"og:url\" content=\"https:\/\/villmark.tech\/sv\/nyheter\/\" \/>\n<meta property=\"og:site_name\" content=\"Villmark Tech\" \/>\n<meta property=\"article:publisher\" content=\"https:\/\/www.facebook.com\/delicia.norge\/\" \/>\n<meta property=\"article:modified_time\" content=\"2025-11-10T12:12:37+00:00\" \/>\n<meta property=\"og:image\" content=\"https:\/\/villmark.tech\/wp-content\/uploads\/2025\/11\/Screenshot_1.jpg\" \/>\n\t<meta property=\"og:image:width\" content=\"600\" \/>\n\t<meta property=\"og:image:height\" content=\"600\" \/>\n\t<meta property=\"og:image:type\" content=\"image\/jpeg\" \/>\n<meta name=\"twitter:card\" content=\"summary_large_image\" \/>\n<meta name=\"twitter:label1\" content=\"Ber\u00e4knad l\u00e4stid\" \/>\n\t<meta name=\"twitter:data1\" content=\"2 minuter\" \/>\n<script type=\"application\/ld+json\" class=\"yoast-schema-graph\">{\"@context\":\"https:\\\/\\\/schema.org\",\"@graph\":[{\"@type\":\"WebPage\",\"@id\":\"https:\\\/\\\/villmark.tech\\\/sv\\\/nyheter\\\/\",\"url\":\"https:\\\/\\\/villmark.tech\\\/sv\\\/nyheter\\\/\",\"name\":\"Nyheter - Villmark Tech\",\"isPartOf\":{\"@id\":\"https:\\\/\\\/villmark.tech\\\/sv\\\/#website\"},\"primaryImageOfPage\":{\"@id\":\"https:\\\/\\\/villmark.tech\\\/sv\\\/nyheter\\\/#primaryimage\"},\"image\":{\"@id\":\"https:\\\/\\\/villmark.tech\\\/sv\\\/nyheter\\\/#primaryimage\"},\"thumbnailUrl\":\"https:\\\/\\\/villmark.tech\\\/wp-content\\\/uploads\\\/2025\\\/11\\\/Screenshot_1.jpg\",\"datePublished\":\"2025-10-06T20:24:17+00:00\",\"dateModified\":\"2025-11-10T12:12:37+00:00\",\"breadcrumb\":{\"@id\":\"https:\\\/\\\/villmark.tech\\\/sv\\\/nyheter\\\/#breadcrumb\"},\"inLanguage\":\"sv-SE\",\"potentialAction\":[{\"@type\":\"ReadAction\",\"target\":[\"https:\\\/\\\/villmark.tech\\\/sv\\\/nyheter\\\/\"]}]},{\"@type\":\"ImageObject\",\"inLanguage\":\"sv-SE\",\"@id\":\"https:\\\/\\\/villmark.tech\\\/sv\\\/nyheter\\\/#primaryimage\",\"url\":\"https:\\\/\\\/villmark.tech\\\/wp-content\\\/uploads\\\/2025\\\/11\\\/Screenshot_1.jpg\",\"contentUrl\":\"https:\\\/\\\/villmark.tech\\\/wp-content\\\/uploads\\\/2025\\\/11\\\/Screenshot_1.jpg\"},{\"@type\":\"BreadcrumbList\",\"@id\":\"https:\\\/\\\/villmark.tech\\\/sv\\\/nyheter\\\/#breadcrumb\",\"itemListElement\":[{\"@type\":\"ListItem\",\"position\":1,\"name\":\"Home\",\"item\":\"https:\\\/\\\/villmark.tech\\\/sv\\\/\"},{\"@type\":\"ListItem\",\"position\":2,\"name\":\"Nyheter\"}]},{\"@type\":\"WebSite\",\"@id\":\"https:\\\/\\\/villmark.tech\\\/sv\\\/#website\",\"url\":\"https:\\\/\\\/villmark.tech\\\/sv\\\/\",\"name\":\"Villmark Tech\",\"description\":\"An engineering company\",\"publisher\":{\"@id\":\"https:\\\/\\\/villmark.tech\\\/sv\\\/#organization\"},\"potentialAction\":[{\"@type\":\"SearchAction\",\"target\":{\"@type\":\"EntryPoint\",\"urlTemplate\":\"https:\\\/\\\/villmark.tech\\\/sv\\\/?s={search_term_string}\"},\"query-input\":{\"@type\":\"PropertyValueSpecification\",\"valueRequired\":true,\"valueName\":\"search_term_string\"}}],\"inLanguage\":\"sv-SE\"},{\"@type\":\"Organization\",\"@id\":\"https:\\\/\\\/villmark.tech\\\/sv\\\/#organization\",\"name\":\"Delicia\",\"url\":\"https:\\\/\\\/villmark.tech\\\/sv\\\/\",\"logo\":{\"@type\":\"ImageObject\",\"inLanguage\":\"sv-SE\",\"@id\":\"https:\\\/\\\/villmark.tech\\\/sv\\\/#\\\/schema\\\/logo\\\/image\\\/\",\"url\":\"https:\\\/\\\/villmark.tech\\\/wp-content\\\/uploads\\\/2021\\\/05\\\/Ren-Delicia-Logo-Rosa.png\",\"contentUrl\":\"https:\\\/\\\/villmark.tech\\\/wp-content\\\/uploads\\\/2021\\\/05\\\/Ren-Delicia-Logo-Rosa.png\",\"width\":800,\"height\":395,\"caption\":\"Delicia\"},\"image\":{\"@id\":\"https:\\\/\\\/villmark.tech\\\/sv\\\/#\\\/schema\\\/logo\\\/image\\\/\"},\"sameAs\":[\"https:\\\/\\\/www.facebook.com\\\/delicia.norge\\\/\",\"https:\\\/\\\/www.instagram.com\\\/delicia.norge\\\/\"]}]}<\/script>\n<!-- \/ Yoast SEO plugin. -->","yoast_head_json":{"title":"Nyheter - Villmark Tech","robots":{"index":"index","follow":"follow","max-snippet":"max-snippet:-1","max-image-preview":"max-image-preview:large","max-video-preview":"max-video-preview:-1"},"canonical":"https:\/\/villmark.tech\/sv\/nyheter\/","og_locale":"sv_SE","og_type":"article","og_title":"Nyheter - Villmark Tech","og_description":"Senaste nytt fr\u00e5n Villmark Engineering H\u00e5ll dig uppdaterad med det senaste fr\u00e5n Villmark Engineering med kundber\u00e4ttelser, branschnyheter och interna uppdateringar. Se senaste nytt","og_url":"https:\/\/villmark.tech\/sv\/nyheter\/","og_site_name":"Villmark Tech","article_publisher":"https:\/\/www.facebook.com\/delicia.norge\/","article_modified_time":"2025-11-10T12:12:37+00:00","og_image":[{"width":600,"height":600,"url":"https:\/\/villmark.tech\/wp-content\/uploads\/2025\/11\/Screenshot_1.jpg","type":"image\/jpeg"}],"twitter_card":"summary_large_image","twitter_misc":{"Ber\u00e4knad l\u00e4stid":"2 minuter"},"schema":{"@context":"https:\/\/schema.org","@graph":[{"@type":"WebPage","@id":"https:\/\/villmark.tech\/sv\/nyheter\/","url":"https:\/\/villmark.tech\/sv\/nyheter\/","name":"Nyheter - Villmark Tech","isPartOf":{"@id":"https:\/\/villmark.tech\/sv\/#website"},"primaryImageOfPage":{"@id":"https:\/\/villmark.tech\/sv\/nyheter\/#primaryimage"},"image":{"@id":"https:\/\/villmark.tech\/sv\/nyheter\/#primaryimage"},"thumbnailUrl":"https:\/\/villmark.tech\/wp-content\/uploads\/2025\/11\/Screenshot_1.jpg","datePublished":"2025-10-06T20:24:17+00:00","dateModified":"2025-11-10T12:12:37+00:00","breadcrumb":{"@id":"https:\/\/villmark.tech\/sv\/nyheter\/#breadcrumb"},"inLanguage":"sv-SE","potentialAction":[{"@type":"ReadAction","target":["https:\/\/villmark.tech\/sv\/nyheter\/"]}]},{"@type":"ImageObject","inLanguage":"sv-SE","@id":"https:\/\/villmark.tech\/sv\/nyheter\/#primaryimage","url":"https:\/\/villmark.tech\/wp-content\/uploads\/2025\/11\/Screenshot_1.jpg","contentUrl":"https:\/\/villmark.tech\/wp-content\/uploads\/2025\/11\/Screenshot_1.jpg"},{"@type":"BreadcrumbList","@id":"https:\/\/villmark.tech\/sv\/nyheter\/#breadcrumb","itemListElement":[{"@type":"ListItem","position":1,"name":"Home","item":"https:\/\/villmark.tech\/sv\/"},{"@type":"ListItem","position":2,"name":"Nyheter"}]},{"@type":"WebSite","@id":"https:\/\/villmark.tech\/sv\/#website","url":"https:\/\/villmark.tech\/sv\/","name":"Villmark Tech","description":"An engineering company","publisher":{"@id":"https:\/\/villmark.tech\/sv\/#organization"},"potentialAction":[{"@type":"SearchAction","target":{"@type":"EntryPoint","urlTemplate":"https:\/\/villmark.tech\/sv\/?s={search_term_string}"},"query-input":{"@type":"PropertyValueSpecification","valueRequired":true,"valueName":"search_term_string"}}],"inLanguage":"sv-SE"},{"@type":"Organization","@id":"https:\/\/villmark.tech\/sv\/#organization","name":"Delicia","url":"https:\/\/villmark.tech\/sv\/","logo":{"@type":"ImageObject","inLanguage":"sv-SE","@id":"https:\/\/villmark.tech\/sv\/#\/schema\/logo\/image\/","url":"https:\/\/villmark.tech\/wp-content\/uploads\/2021\/05\/Ren-Delicia-Logo-Rosa.png","contentUrl":"https:\/\/villmark.tech\/wp-content\/uploads\/2021\/05\/Ren-Delicia-Logo-Rosa.png","width":800,"height":395,"caption":"Delicia"},"image":{"@id":"https:\/\/villmark.tech\/sv\/#\/schema\/logo\/image\/"},"sameAs":["https:\/\/www.facebook.com\/delicia.norge\/","https:\/\/www.instagram.com\/delicia.norge\/"]}]}},"_links":{"self":[{"href":"https:\/\/villmark.tech\/sv\/wp-json\/wp\/v2\/pages\/50353","targetHints":{"allow":["GET"]}}],"collection":[{"href":"https:\/\/villmark.tech\/sv\/wp-json\/wp\/v2\/pages"}],"about":[{"href":"https:\/\/villmark.tech\/sv\/wp-json\/wp\/v2\/types\/page"}],"author":[{"embeddable":true,"href":"https:\/\/villmark.tech\/sv\/wp-json\/wp\/v2\/users\/22"}],"replies":[{"embeddable":true,"href":"https:\/\/villmark.tech\/sv\/wp-json\/wp\/v2\/comments?post=50353"}],"version-history":[{"count":5,"href":"https:\/\/villmark.tech\/sv\/wp-json\/wp\/v2\/pages\/50353\/revisions"}],"predecessor-version":[{"id":50602,"href":"https:\/\/villmark.tech\/sv\/wp-json\/wp\/v2\/pages\/50353\/revisions\/50602"}],"wp:attachment":[{"href":"https:\/\/villmark.tech\/sv\/wp-json\/wp\/v2\/media?parent=50353"}],"curies":[{"name":"wp","href":"https:\/\/api.w.org\/{rel}","templated":true}]}}